{"id":45,"date":"2016-05-24T21:16:25","date_gmt":"2016-05-24T21:16:25","guid":{"rendered":"http:\/\/mandrionundjahn.de\/?page_id=45"},"modified":"2022-03-09T08:17:29","modified_gmt":"2022-03-09T07:17:29","slug":"fuer-designer","status":"publish","type":"page","link":"https:\/\/mandrionundjahn.de\/?page_id=45","title":{"rendered":"F\u00dcR DESIGNER."},"content":{"rendered":"<h2>VOM ZUFALL UND VOM FINDEN.<\/h2>\n<hr \/>\n<h4>Der Workshop f\u00fcr Gestalter, Designer und alle kreativ T\u00e4tigen.<\/h4>\n<hr \/>\n<p><img loading=\"lazy\" class=\"alignnone size-full wp-image-49\" src=\"http:\/\/mandrionundjahn.de\/wp-content\/uploads\/2016\/05\/madrionjahn-271015-20.jpg\" alt=\"madrionjahn-271015-20\" width=\"1200\" height=\"800\" srcset=\"https:\/\/mandrionundjahn.de\/wp-content\/uploads\/2016\/05\/madrionjahn-271015-20.jpg 1200w, https:\/\/mandrionundjahn.de\/wp-content\/uploads\/2016\/05\/madrionjahn-271015-20-300x200.jpg 300w, https:\/\/mandrionundjahn.de\/wp-content\/uploads\/2016\/05\/madrionjahn-271015-20-768x512.jpg 768w, https:\/\/mandrionundjahn.de\/wp-content\/uploads\/2016\/05\/madrionjahn-271015-20-1024x683.jpg 1024w\" sizes=\"(max-width: 1200px) 100vw, 1200px\" \/><\/p>\n<hr \/>\n<h5>EINT\u00c4GIGER KREATIV-WORKSHOP ZUM (ZWECK)FREIEN GESTALTEN.<\/h5>\n<hr \/>\n<p>Welcher Gestalter kennt es nicht? Ein Korsett aus Kundenvorgaben, engen Timelines\u00a0und knappen Budgets zwingt zu zielgerichteter, rationierter Kreativit\u00e4t. Selbst der erste Entwurf findet zeiteffizient am Rechner statt und nicht selten bewegt man sich gedanklich lediglich im offensichtlichen Machbarkeitsradius der verwendeten Software.<\/p>\n<p>Dieser eint\u00e4gige Workshop richtet sich an Designer, die wieder kreativ(er) werden wollen. Wir l\u00f6sen uns zun\u00e4chst vom Ergebniszwang. Wir zeigen Methoden und Techniken, die es einfach machen, zweckfrei kreativ zu sein \u2013 ohne Angst vor dem ber\u00fchmten \u201ewei\u00dfen Blatt\u201c. Der Zufall wird zum Ideengeber, das Material zur Motivation \u2013 ganz analog, zum Anfassen. Das Machen und (Neu-)Entdecken stehen im Vordergrund. Wenn sich daraus Impulse f\u00fcr die t\u00e4gliche\u00a0Zwangskreativit\u00e4t ergeben, ist das ein gew\u00fcnschter Nebeneffekt.<\/p>\n<hr \/>\n<p>DER WORKSHOP IST BESONDERS GEEIGNET<\/p>\n<p>\u2022\u00a0\u00a0 \u00a0f\u00fcr Designer, die wieder kreativ(er) werden wollen<br \/>\n\u2022\u00a0\u00a0 \u00a0f\u00fcr Gestalter, die mal wieder analog arbeiten m\u00f6chten<br \/>\n\u2022\u00a0\u00a0 \u00a0f\u00fcr alle, die (zweck-)freies Gestalten \u00fcben wollen<\/p>\n<hr \/>\n<p>MATERIAL<\/p>\n<p>Alle ben\u00f6tigten Materialien werden vor Ort zur Verf\u00fcgung gestellt. Da wir mit Tinten und Farben arbeiten, sollte die Kleidung passend gew\u00e4hlt werden. Die Vortr\u00e4ge zu Methodik, Arbeitstechniken und Material stehen nach der Veranstaltung\u00a0als PDF-Dokument\u00a0zur Verf\u00fcgung.<\/p>\n<hr \/>\n<p>KOSTEN<br \/>\n(inkl. aller Materialien, Snack und Getr\u00e4nken w\u00e4hrend der Veranstaltung sowie einem Kreativit\u00e4ts-Survival-Package)<br \/>\n295,- Euro p.P. zzgl. MwSt.<br \/>\n195,- Euro p.P. zzgl. MwSt. f\u00fcr Mitglieder der AGD<\/p>\n<hr \/>\n<p>TERMINE<br \/>\nWorkshops in Hannover:<br \/>\nNeue Termine f\u00fcr 2022 in Vorbereitung<br \/>\n<strong><a href=\"mailto: mail@mandrionundjahn.de\">Anmeldung<\/a><\/strong><\/p>\n<hr \/>\n<p><em>Mindestteilnehmerzahl: 5<br \/>\nDer Workshop ist ab sechs\u00a0Teilnehmern auch als externe Veranstaltung buchbar.<\/em><br \/>\n<a href=\"mailto: mail@mandrionundjahn.de\"><em> Fordern Sie hierf\u00fcr ein pers\u00f6nliches Angebot an.<\/em><\/a><\/p>\n<hr \/>\n","protected":false},"excerpt":{"rendered":"<p>VOM ZUFALL UND VOM FINDEN. Der Workshop f\u00fcr Gestalter, Designer und alle kreativ T\u00e4tigen. EINT\u00c4GIGER KREATIV-WORKSHOP ZUM (ZWECK)FREIEN GESTALTEN. Welcher Gestalter kennt es nicht? Ein Korsett aus Kundenvorgaben, engen Timelines\u00a0und &#8230;<\/p>\n","protected":false},"author":1,"featured_media":49,"parent":2,"menu_order":20,"comment_status":"closed","ping_status":"closed","template":"template-fullwidth.php","meta":[],"_links":{"self":[{"href":"https:\/\/mandrionundjahn.de\/index.php?rest_route=\/wp\/v2\/pages\/45"}],"collection":[{"href":"https:\/\/mandrionundjahn.de\/index.php?rest_route=\/wp\/v2\/pages"}],"about":[{"href":"https:\/\/mandrionundjahn.de\/index.php?rest_route=\/wp\/v2\/types\/page"}],"author":[{"embeddable":true,"href":"https:\/\/mandrionundjahn.de\/index.php?rest_route=\/wp\/v2\/users\/1"}],"replies":[{"embeddable":true,"href":"https:\/\/mandrionundjahn.de\/index.php?rest_route=%2Fwp%2Fv2%2Fcomments&post=45"}],"version-history":[{"count":18,"href":"https:\/\/mandrionundjahn.de\/index.php?rest_route=\/wp\/v2\/pages\/45\/revisions"}],"predecessor-version":[{"id":211,"href":"https:\/\/mandrionundjahn.de\/index.php?rest_route=\/wp\/v2\/pages\/45\/revisions\/211"}],"up":[{"embeddable":true,"href":"https:\/\/mandrionundjahn.de\/index.php?rest_route=\/wp\/v2\/pages\/2"}],"wp:featuredmedia":[{"embeddable":true,"href":"https:\/\/mandrionundjahn.de\/index.php?rest_route=\/wp\/v2\/media\/49"}],"wp:attachment":[{"href":"https:\/\/mandrionundjahn.de\/index.php?rest_route=%2Fwp%2Fv2%2Fmedia&parent=45"}],"curies":[{"name":"wp","href":"https:\/\/api.w.org\/{rel}","templated":true}]}}