{"id":199,"date":"2020-07-01T08:49:33","date_gmt":"2020-07-01T06:49:33","guid":{"rendered":"http:\/\/mandrionundjahn.de\/?page_id=199"},"modified":"2020-07-01T09:02:05","modified_gmt":"2020-07-01T07:02:05","slug":"kultur-marketing-kultur","status":"publish","type":"page","link":"https:\/\/mandrionundjahn.de\/?page_id=199","title":{"rendered":"KULTURMARKETING"},"content":{"rendered":"\n<div class=\"wp-container-1 wp-block-group\"><div class=\"wp-block-group__inner-container\">\n<p><strong>MARKETINGKULTUR<\/strong> \u2013 MIT KREATIVEM KULTURMARKETING&nbsp;DAS BESTE AUS DER KRISE MACHEN!<\/p>\n\n\n\n<p>Die Pandemie hat Kulturst\u00e4tten, Kulturschaffende und Kreative mit voller Wucht getroffen. Besucherzahlen und Auftragslage erholen sich nur z\u00f6gerlich. Helfen wir uns gegenseitig!<\/p>\n\n\n\n<p>Kulturst\u00e4tten haben Budgets, die m\u00f6glichst effektiv und zielf\u00fchrend eingesetzt werden m\u00fcssen \u2013 wir die Expertise, mit kreativen Ans\u00e4tzen das Beste f\u00fcr sie herauszuholen.<\/p>\n\n\n\n<p><strong>Unser Angebot:<\/strong><br>\u2022ca. 90-min\u00fctiger Workshop zur Analyse der Situation und<br>Bed\u00fcrfnisse (per Videokonferenz)<br>\u2022Nachbereitung und Erarbeitung einer ersten konkreten, individuellen<br>Handlungs- und Ma\u00dfnahmenempfehlung (als PDF dokumentiert)<br><strong>\u20ac 399,- zzgl. MwSt.<\/strong><\/p>\n\n\n\n<p>Bei anschlie\u00dfender Beauftragung zur Umsetzung der Ma\u00dfnahmen, gew\u00e4hren wir<strong> 20 %<\/strong> Kulturst\u00e4ttenrabatt auf den ersten Auftrag!<\/p>\n\n\n\n<p>Profitieren auch Sie von unserer langj\u00e4hrigen Erfahrung in der gestalterischen und strategischen Betreuung von Kulturinstitutionen und nehmen Sie Kontakt auf: <strong><a href=\"mailto:kultur@mandrionundjahn.de\" target=\"_blank\" rel=\"noreferrer noopener\">kultur@mandrionundjahn.de<\/a><\/strong><\/p>\n<\/div><\/div>\n\n\n\n<p><strong>Erfahren Sie mehr \u00fcber unsere bisherige Arbeit: Referenzen und Arbeitsproben finden sich auf <a href=\"http:\/\/www.gebrauch-grafik.de\" target=\"_blank\" rel=\"noreferrer noopener\">gebrauch-grafik.de<\/a> und <a href=\"http:\/\/www.diemenschlichefarbe.com\" target=\"_blank\" rel=\"noreferrer noopener\">diemenschlichefarbe.com<\/a><\/strong><\/p>\n","protected":false},"excerpt":{"rendered":"<p>Erfahren Sie mehr \u00fcber unsere bisherige Arbeit: Referenzen und Arbeitsproben finden sich auf gebrauch-grafik.de und diemenschlichefarbe.com<\/p>\n","protected":false},"author":1,"featured_media":197,"parent":0,"menu_order":0,"comment_status":"closed","ping_status":"closed","template":"template-fullwidth.php","meta":[],"_links":{"self":[{"href":"https:\/\/mandrionundjahn.de\/index.php?rest_route=\/wp\/v2\/pages\/199"}],"collection":[{"href":"https:\/\/mandrionundjahn.de\/index.php?rest_route=\/wp\/v2\/pages"}],"about":[{"href":"https:\/\/mandrionundjahn.de\/index.php?rest_route=\/wp\/v2\/types\/page"}],"author":[{"embeddable":true,"href":"https:\/\/mandrionundjahn.de\/index.php?rest_route=\/wp\/v2\/users\/1"}],"replies":[{"embeddable":true,"href":"https:\/\/mandrionundjahn.de\/index.php?rest_route=%2Fwp%2Fv2%2Fcomments&post=199"}],"version-history":[{"count":4,"href":"https:\/\/mandrionundjahn.de\/index.php?rest_route=\/wp\/v2\/pages\/199\/revisions"}],"predecessor-version":[{"id":204,"href":"https:\/\/mandrionundjahn.de\/index.php?rest_route=\/wp\/v2\/pages\/199\/revisions\/204"}],"wp:featuredmedia":[{"embeddable":true,"href":"https:\/\/mandrionundjahn.de\/index.php?rest_route=\/wp\/v2\/media\/197"}],"wp:attachment":[{"href":"https:\/\/mandrionundjahn.de\/index.php?rest_route=%2Fwp%2Fv2%2Fmedia&parent=199"}],"curies":[{"name":"wp","href":"https:\/\/api.w.org\/{rel}","templated":true}]}}